{"id":13116,"date":"2025-10-10T18:56:51","date_gmt":"2025-10-10T15:56:51","guid":{"rendered":"https:\/\/vitafor.md\/?post_type=product&#038;p=13116"},"modified":"2025-10-13T18:34:34","modified_gmt":"2025-10-13T15:34:34","slug":"scortisoara-macinata-fuchs-550g","status":"publish","type":"product","link":"https:\/\/vitafor.md\/en\/produse\/scortisoara-macinata-fuchs-550g\/","title":{"rendered":"Scor\u021bi\u0219oar\u0103 m\u0103cinat\u0103 Fuchs 550g"},"content":{"rendered":"","protected":false},"excerpt":{"rendered":"","protected":false},"featured_media":13125,"template":"","meta":[],"pwb-brand":[493],"product_cat":[279],"product_tag":[],"brands":[{"id":493,"name":"FUCHS","slug":"fuchs"}],"_links":{"self":[{"href":"https:\/\/vitafor.md\/en\/wp-json\/wp\/v3\/product\/13116"}],"collection":[{"href":"https:\/\/vitafor.md\/en\/wp-json\/wp\/v3\/product"}],"about":[{"href":"https:\/\/vitafor.md\/en\/wp-json\/wp\/v2\/types\/product"}],"wp:featuredmedia":[{"embeddable":true,"href":"https:\/\/vitafor.md\/en\/wp-json\/wp\/v2\/media\/13125"}],"wp:attachment":[{"href":"https:\/\/vitafor.md\/en\/wp-json\/wp\/v2\/media?parent=13116"}],"wp:term":[{"taxonomy":"pwb-brand","embeddable":true,"href":"https:\/\/vitafor.md\/en\/wp-json\/wp\/v2\/pwb-brand?post=13116"},{"taxonomy":"product_cat","embeddable":true,"href":"https:\/\/vitafor.md\/en\/wp-json\/wp\/v2\/product_cat?post=13116"},{"taxonomy":"product_tag","embeddable":true,"href":"https:\/\/vitafor.md\/en\/wp-json\/wp\/v2\/product_tag?post=13116"}],"curies":[{"name":"wp","href":"https:\/\/api.w.org\/{rel}","templated":true}]}}