{"id":13424,"date":"2025-10-10T20:53:23","date_gmt":"2025-10-10T17:53:23","guid":{"rendered":"https:\/\/vitafor.md\/?post_type=product&#038;p=13424"},"modified":"2025-10-13T18:20:50","modified_gmt":"2025-10-13T15:20:50","slug":"nucsoara-macinata-cosmin-10g","status":"publish","type":"product","link":"https:\/\/vitafor.md\/en\/produse\/nucsoara-macinata-cosmin-10g\/","title":{"rendered":"Nuc\u0219oar\u0103 m\u0103cinat\u0103 Cosmin 10g"},"content":{"rendered":"","protected":false},"excerpt":{"rendered":"","protected":false},"featured_media":13445,"template":"","meta":[],"pwb-brand":[494],"product_cat":[279],"product_tag":[],"brands":[{"id":494,"name":"COSMIN","slug":"cosmin"}],"_links":{"self":[{"href":"https:\/\/vitafor.md\/en\/wp-json\/wp\/v3\/product\/13424"}],"collection":[{"href":"https:\/\/vitafor.md\/en\/wp-json\/wp\/v3\/product"}],"about":[{"href":"https:\/\/vitafor.md\/en\/wp-json\/wp\/v2\/types\/product"}],"wp:featuredmedia":[{"embeddable":true,"href":"https:\/\/vitafor.md\/en\/wp-json\/wp\/v2\/media\/13445"}],"wp:attachment":[{"href":"https:\/\/vitafor.md\/en\/wp-json\/wp\/v2\/media?parent=13424"}],"wp:term":[{"taxonomy":"pwb-brand","embeddable":true,"href":"https:\/\/vitafor.md\/en\/wp-json\/wp\/v2\/pwb-brand?post=13424"},{"taxonomy":"product_cat","embeddable":true,"href":"https:\/\/vitafor.md\/en\/wp-json\/wp\/v2\/product_cat?post=13424"},{"taxonomy":"product_tag","embeddable":true,"href":"https:\/\/vitafor.md\/en\/wp-json\/wp\/v2\/product_tag?post=13424"}],"curies":[{"name":"wp","href":"https:\/\/api.w.org\/{rel}","templated":true}]}}