{"id":4957,"date":"2022-01-25T16:24:19","date_gmt":"2022-01-25T13:24:19","guid":{"rendered":"http:\/\/lalimka.bget.ru\/?post_type=product&#038;p=4957"},"modified":"2022-02-03T12:55:39","modified_gmt":"2022-02-03T09:55:39","slug":"esenta-de-lamaie-delecta-9ml","status":"publish","type":"product","link":"https:\/\/vitafor.md\/en\/produse\/esenta-de-lamaie-delecta-9ml\/","title":{"rendered":"Esen\u021b\u0103 de l\u0103m\u00e2ie Delecta 9ml"},"content":{"rendered":"<p>&nbsp;<\/p>\n<p>&nbsp;<\/p>\n","protected":false},"excerpt":{"rendered":"<p>&nbsp; &nbsp;<\/p>\n","protected":false},"featured_media":4897,"template":"","meta":[],"pwb-brand":[233],"product_cat":[283],"product_tag":[],"brands":[{"id":233,"name":"DELECTA","slug":"delecta"}],"_links":{"self":[{"href":"https:\/\/vitafor.md\/en\/wp-json\/wp\/v3\/product\/4957"}],"collection":[{"href":"https:\/\/vitafor.md\/en\/wp-json\/wp\/v3\/product"}],"about":[{"href":"https:\/\/vitafor.md\/en\/wp-json\/wp\/v2\/types\/product"}],"wp:featuredmedia":[{"embeddable":true,"href":"https:\/\/vitafor.md\/en\/wp-json\/wp\/v2\/media\/4897"}],"wp:attachment":[{"href":"https:\/\/vitafor.md\/en\/wp-json\/wp\/v2\/media?parent=4957"}],"wp:term":[{"taxonomy":"pwb-brand","embeddable":true,"href":"https:\/\/vitafor.md\/en\/wp-json\/wp\/v2\/pwb-brand?post=4957"},{"taxonomy":"product_cat","embeddable":true,"href":"https:\/\/vitafor.md\/en\/wp-json\/wp\/v2\/product_cat?post=4957"},{"taxonomy":"product_tag","embeddable":true,"href":"https:\/\/vitafor.md\/en\/wp-json\/wp\/v2\/product_tag?post=4957"}],"curies":[{"name":"wp","href":"https:\/\/api.w.org\/{rel}","templated":true}]}}