{"id":9785,"date":"2022-04-18T16:29:41","date_gmt":"2022-06-16T08:47:43","guid":{"rendered":"https:\/\/vitafor.md\/produse\/salted-ivasi-sardine-dobroflot-580g\/"},"modified":"2025-10-07T21:42:33","modified_gmt":"2025-10-07T18:42:33","slug":"sardina-ivasi-sarata-dobroflot-580g","status":"publish","type":"product","link":"https:\/\/vitafor.md\/en\/produse\/sardina-ivasi-sarata-dobroflot-580g\/","title":{"rendered":"Salted Ivasi sardine Dobroflot 580g"},"content":{"rendered":"","protected":false},"excerpt":{"rendered":"<p>SARDINA PACIFIC\u0102 (IVASI) GR\u0102S\u0102, DECAPITAT\u0102 \u0218I EVISCERAT\u0102, S\u0102RAT\u0102 SPECIAL. SEMICONSERVE DIN PE\u0218TE SPECIAL S\u0102RATE.<\/p>\n<p>Ingrediente: SARDINA PACIFICA(IVASI)(SARDINOPS SAGAX MELANOSTICTA), saramur\u0103 (ap\u0103, sare), zah\u0103r, sare, conservant: benzoat de sodiu, acid sorbic. Alergeni: pe\u0219te. Declara\u021bie nutri\u021bional\u0103 per 100 g de produs: valoare energetic\u0103 921 kJ\/220 kcal; proteine \u2013 19 g, gr\u0103simi \u2013 16 g.<\/p>\n<p>Perioada de valabilitate a conservelor dup\u0103 dezghe\u021bare la temperatura cuprins\u0103 \u00eentre minus<br \/>\n4 \u00b0C \u0219i +4 \u00b0C constituie cel mult 55 de zile din data decongel\u0103rii, \u00een limita termenului de valabilitate din data fabric\u0103rii la o temperatur\u0103 de minus 18 \u00b0C. Dup\u0103 deschidere, a se p\u0103stra \u00een frigider maxim 48 de ore. Produsul este gata de consum dup\u0103 decongelare!<\/p>\n<p>Termen de valabilitate: nu mai mult de 12 luni din data fabric\u0103rii. A se p\u0103stra \u00een congelator la o temperatur\u0103 nu mai mare de minus 18 \u00b0C.<\/p>\n<p>Data fabric\u0103rii este indicat\u0103 pe fundul sau capacul borcanului \u00een primul r\u00e2nd. Produsele sunt fabricate pe mare. Fabricat \u00een Rusia. Importator \u00een Republica Moldova: SRL \u201eVitafor\u201d, or. Chi\u015fin\u0103u, str. Valea B\u00eecului 5\/3. Tel. +373 22 24 61 31, e\u2013mail: sales@vitafor.md; www.vitafor.md<\/p>\n<p>Masa net\u0103: 580 g \u212e \/ Masa net\u0103 a pe\u0219telui: 440g \u212e<\/p>\n","protected":false},"featured_media":11688,"template":"","meta":[],"pwb-brand":[234],"product_cat":[296],"product_tag":[],"brands":[{"id":234,"name":"DOBROFLOT","slug":"dobroflot"}],"_links":{"self":[{"href":"https:\/\/vitafor.md\/en\/wp-json\/wp\/v3\/product\/9785"}],"collection":[{"href":"https:\/\/vitafor.md\/en\/wp-json\/wp\/v3\/product"}],"about":[{"href":"https:\/\/vitafor.md\/en\/wp-json\/wp\/v2\/types\/product"}],"wp:featuredmedia":[{"embeddable":true,"href":"https:\/\/vitafor.md\/en\/wp-json\/wp\/v2\/media\/11688"}],"wp:attachment":[{"href":"https:\/\/vitafor.md\/en\/wp-json\/wp\/v2\/media?parent=9785"}],"wp:term":[{"taxonomy":"pwb-brand","embeddable":true,"href":"https:\/\/vitafor.md\/en\/wp-json\/wp\/v2\/pwb-brand?post=9785"},{"taxonomy":"product_cat","embeddable":true,"href":"https:\/\/vitafor.md\/en\/wp-json\/wp\/v2\/product_cat?post=9785"},{"taxonomy":"product_tag","embeddable":true,"href":"https:\/\/vitafor.md\/en\/wp-json\/wp\/v2\/product_tag?post=9785"}],"curies":[{"name":"wp","href":"https:\/\/api.w.org\/{rel}","templated":true}]}}